{"id":122,"date":"2017-05-01T17:01:34","date_gmt":"2017-05-01T17:01:34","guid":{"rendered":"http:\/\/psychologin-heierhoff.de\/?page_id=122"},"modified":"2022-01-30T14:16:52","modified_gmt":"2022-01-30T14:16:52","slug":"impressum","status":"publish","type":"page","link":"https:\/\/psychologin-heierhoff.de\/?page_id=122","title":{"rendered":"Impressum"},"content":{"rendered":"\n<p>Angaben gem\u00e4\u00df \u00a7 5 TMG:<\/p>\n\n\n\n<p>\u200bM.Sc. Psych. Laura Binka<br>Psychologische Psychotherapeutin<br>Tiefenpsychologisch fundierte Psychotherapie<\/p>\n\n\n\n<p>Psychotherapeutische Praxis Binka<br>Mommsenstr. 34, 10629 Berlin-Charlottenburg<\/p>\n\n\n\n<p>\u200b<\/p>\n\n\n\n<p>Aufsichtsbeh\u00f6rden<\/p>\n\n\n\n<p>Psychotherapeutenkammer Berlin, Kammer-Nr.: &nbsp;17677<br><a rel=\"noreferrer noopener\" href=\"http:\/\/www.psychotherapeutenkammer-berlin.de\/\" target=\"_blank\">www.psychotherapeutenkammer-berlin.de<\/a><br>Kassen\u00e4rztliche Vereinigung&nbsp;Berlin, Arztregister-Nr.: 36328<br><a rel=\"noreferrer noopener\" href=\"http:\/\/www.kvberlin.de\/\" target=\"_blank\">www.kvberlin.de<\/a><br>Berufsbezeichnung: Psychologische&nbsp;Psychotherapeutin&nbsp;(verliehen durch das Landesamt f\u00fcr Gesundheit und Soziales von Berlin)<\/p>\n\n\n\n<p>Es gelten folgende berufsrechtliche Regelungen: PsychThG<br>Einsehbar unter: <a rel=\"noreferrer noopener\" href=\"https:\/\/www.gesetze-im-internet.de\/psychthg_2020\/BJNR160410019.html\" target=\"_blank\">https:\/\/www.gesetze-im-internet.de\/psychthg_2020\/BJNR160410019.html<\/a><\/p>\n\n\n\n<p>\u200b<\/p>\n\n\n\n<p>Haftungsbeschr\u00e4nkung<br>Die Inhalte dieser Website werden mit gr\u00f6\u00dftm\u00f6glicher Sorgfalt erstellt. Der Anbieter \u00fcbernimmt jedoch keine Gew\u00e4hr f\u00fcr die Richtigkeit, Vollst\u00e4ndigkeit und Aktualit\u00e4t der bereitgestellten Inhalte. Die Nutzung der Inhalte der Website erfolgt auf eigene Gefahr des Nutzers. Namentlich gekennzeichnete Beitr\u00e4ge geben die Meinung des jeweiligen&nbsp;Autors und nicht immer die Meinung des Anbieters wieder.<\/p>\n\n\n\n<p>Urheber- und Leistungsschutzrechte<br>Konzept, Design und Inhalt sind urheberrechtlich gesch\u00fctzt und d\u00fcrfen ohne schriftliche Genehmigung in keiner Form ver\u00e4ndert, reproduziert, verarbeitet oder verkauft werden.<\/p>\n\n\n\n<p>Diese Publikation darf nur in unver\u00e4nderter Form zu Informationszwecken unter Angabe des Copyrights verwendet werden. Trotz sorgf\u00e4ltiger Pr\u00fcfung vom Betreiber wird keine&nbsp;Haftung f\u00fcr die Richtigkeit der auf dieser Webseite dargestellten Inhalte \u00fcbernommen. Der Betreiber dieser Webseite haftet nicht f\u00fcr Inhalte bzw. Verf\u00fcgbarkeit anderer Webseiten,&nbsp;auf die mit Hyperlinks verwiesen wird.<\/p>\n\n\n\n<p>Der Nutzung von im Rahmen der Impressumspflicht ver\u00f6ffentlichten Kontaktdaten durch Dritte zur \u00dcbersendung von nicht ausdr\u00fccklich angeforderter&nbsp;Werbung und Informationsmaterialien wird hiermit ausdr\u00fccklich widersprochen. Die Betreiber der Seiten behalten sich ausdr\u00fccklich rechtliche Schritte im Falle der unverlangten&nbsp;Zusendung von Werbeinformationen, etwa durch Spam-Mails, vor.<\/p>\n","protected":false},"excerpt":{"rendered":"<p>Angaben gem\u00e4\u00df \u00a7 5 TMG: \u200bM.Sc. Psych. Laura BinkaPsychologische PsychotherapeutinTiefenpsychologisch fundierte Psychotherapie Psychotherapeutische Praxis BinkaMommsenstr. 34, 10629 Berlin-Charlottenburg \u200b Aufsichtsbeh\u00f6rden Psychotherapeutenkammer Berlin, Kammer-Nr.: &nbsp;17677www.psychotherapeutenkammer-berlin.deKassen\u00e4rztliche Vereinigung&nbsp;Berlin, Arztregister-Nr.: 36328www.kvberlin.deBerufsbezeichnung: Psychologische&nbsp;Psychotherapeutin&nbsp;(verliehen durch das Landesamt f\u00fcr Gesundheit und Soziales von Berlin) Es gelten folgende berufsrechtliche Regelungen: PsychThGEinsehbar unter: https:\/\/www.gesetze-im-internet.de\/psychthg_2020\/BJNR160410019.html \u200b Haftungsbeschr\u00e4nkungDie Inhalte dieser Website werden mit gr\u00f6\u00dftm\u00f6glicher Sorgfalt erstellt. &hellip; <\/p>\n<p class=\"link-more\"><a href=\"https:\/\/psychologin-heierhoff.de\/?page_id=122\" class=\"more-link\"><span class=\"screen-reader-text\">\u201eImpressum\u201c <\/span>weiterlesen<\/a><\/p>\n","protected":false},"author":1,"featured_media":0,"parent":0,"menu_order":0,"comment_status":"closed","ping_status":"closed","template":"","meta":{"footnotes":""},"class_list":["post-122","page","type-page","status-publish","hentry"],"_links":{"self":[{"href":"https:\/\/psychologin-heierhoff.de\/index.php?rest_route=\/wp\/v2\/pages\/122","targetHints":{"allow":["GET"]}}],"collection":[{"href":"https:\/\/psychologin-heierhoff.de\/index.php?rest_route=\/wp\/v2\/pages"}],"about":[{"href":"https:\/\/psychologin-heierhoff.de\/index.php?rest_route=\/wp\/v2\/types\/page"}],"author":[{"embeddable":true,"href":"https:\/\/psychologin-heierhoff.de\/index.php?rest_route=\/wp\/v2\/users\/1"}],"replies":[{"embeddable":true,"href":"https:\/\/psychologin-heierhoff.de\/index.php?rest_route=%2Fwp%2Fv2%2Fcomments&post=122"}],"version-history":[{"count":7,"href":"https:\/\/psychologin-heierhoff.de\/index.php?rest_route=\/wp\/v2\/pages\/122\/revisions"}],"predecessor-version":[{"id":283,"href":"https:\/\/psychologin-heierhoff.de\/index.php?rest_route=\/wp\/v2\/pages\/122\/revisions\/283"}],"wp:attachment":[{"href":"https:\/\/psychologin-heierhoff.de\/index.php?rest_route=%2Fwp%2Fv2%2Fmedia&parent=122"}],"curies":[{"name":"wp","href":"https:\/\/api.w.org\/{rel}","templated":true}]}}